{"id":1694,"date":"2026-02-03T16:45:34","date_gmt":"2026-02-03T15:45:34","guid":{"rendered":"https:\/\/bbhg.swiss\/certificazioni\/"},"modified":"2026-03-11T15:39:58","modified_gmt":"2026-03-11T14:39:58","slug":"certificazioni","status":"publish","type":"page","link":"https:\/\/bbhg.swiss\/it\/certificazioni\/","title":{"rendered":"Certificazioni"},"content":{"rendered":"\t\t<div data-elementor-type=\"wp-page\" data-elementor-id=\"1694\" class=\"elementor elementor-1694 elementor-1097\" data-elementor-post-type=\"page\">\n\t\t\t\t<div class=\"elementor-element elementor-element-21c2627 e-con-full e-flex e-con e-parent\" data-id=\"21c2627\" data-element_type=\"container\" data-e-type=\"container\" data-settings=\"{&quot;background_background&quot;:&quot;classic&quot;}\">\n\t\t\t\t<div class=\"elementor-element elementor-element-2a7d633 elementor-widget elementor-widget-image\" data-id=\"2a7d633\" data-element_type=\"widget\" data-e-type=\"widget\" data-widget_type=\"image.default\">\n\t\t\t\t\t\t\t\t\t\t\t\t\t\t\t\t<a href=\"https:\/\/bbhg.swiss\/it\/\">\n\t\t\t\t\t\t\t<img fetchpriority=\"high\" decoding=\"async\" width=\"772\" height=\"218\" src=\"https:\/\/bbhg.swiss\/wp-content\/uploads\/2026\/02\/bbhg-logo-complet-blanc.svg\" class=\"attachment-large size-large wp-image-1499\" alt=\"\" \/>\t\t\t\t\t\t\t\t<\/a>\n\t\t\t\t\t\t\t\t\t\t\t\t\t\t\t<\/div>\n\t\t\t\t<\/div>\n\t\t<div class=\"elementor-element elementor-element-9714d2e e-con-full e-flex e-con e-child\" data-id=\"9714d2e\" data-element_type=\"container\" data-e-type=\"container\">\n\t\t\t\t<div class=\"elementor-element elementor-element-34a021f elementor-widget elementor-widget-heading\" data-id=\"34a021f\" data-element_type=\"widget\" data-e-type=\"widget\" data-widget_type=\"heading.default\">\n\t\t\t\t\t<h3 class=\"elementor-heading-title elementor-size-default\">Certificazioni<\/h3>\t\t\t\t<\/div>\n\t\t\t\t<\/div>\n\t\t<div class=\"elementor-element elementor-element-78c01d4 e-con-full e-flex e-con e-child\" data-id=\"78c01d4\" data-element_type=\"container\" data-e-type=\"container\">\n\t\t<div class=\"elementor-element elementor-element-044bcd8 e-con-full e-flex e-con e-child\" data-id=\"044bcd8\" data-element_type=\"container\" data-e-type=\"container\" data-settings=\"{&quot;sticky&quot;:&quot;top&quot;,&quot;sticky_on&quot;:[&quot;desktop&quot;,&quot;tablet&quot;],&quot;sticky_offset&quot;:30,&quot;sticky_effects_offset&quot;:0,&quot;sticky_anchor_link_offset&quot;:0}\">\n\t\t\t\t<div class=\"elementor-element elementor-element-375f318 elementor-align-left elementor-widget elementor-widget-button\" data-id=\"375f318\" data-element_type=\"widget\" data-e-type=\"widget\" data-widget_type=\"button.default\">\n\t\t\t\t\t\t\t\t\t\t<a class=\"elementor-button elementor-button-link elementor-size-sm\" href=\"https:\/\/bbhg.swiss\/wp-content\/uploads\/2026\/02\/6.1g-Rapport-annuel-des-pratiques-commerciales-responsables-2025.pdf\" target=\"_blank\">\n\t\t\t\t\t\t<span class=\"elementor-button-content-wrapper\">\n\t\t\t\t\t\t<span class=\"elementor-button-icon\">\n\t\t\t\t<i aria-hidden=\"true\" class=\"lucide lucidedownload\"><\/i>\t\t\t<\/span>\n\t\t\t\t\t\t\t\t\t<span class=\"elementor-button-text\">Rapporto annuale 2025<\/span>\n\t\t\t\t\t<\/span>\n\t\t\t\t\t<\/a>\n\t\t\t\t\t\t\t\t<\/div>\n\t\t\t\t<\/div>\n\t\t<div class=\"elementor-element elementor-element-e127003 e-con-full e-flex e-con e-child\" data-id=\"e127003\" data-element_type=\"container\" data-e-type=\"container\">\n\t\t\t\t<div class=\"elementor-element elementor-element-b5af89a elementor-widget elementor-widget-image\" data-id=\"b5af89a\" data-element_type=\"widget\" data-e-type=\"widget\" data-widget_type=\"image.default\">\n\t\t\t\t\t\t\t\t\t\t\t\t\t\t\t<img decoding=\"async\" width=\"800\" height=\"195\" src=\"https:\/\/bbhg.swiss\/wp-content\/uploads\/2026\/03\/RJC_US_Cert_COP_COC_7022_Bleu.svg\" class=\"attachment-large size-large wp-image-1695\" alt=\"\" \/>\t\t\t\t\t\t\t\t\t\t\t\t\t\t\t<\/div>\n\t\t<div class=\"elementor-element elementor-element-e099842 e-con-full e-flex e-con e-child\" data-id=\"e099842\" data-element_type=\"container\" data-e-type=\"container\">\n\t\t\t\t<div class=\"elementor-element elementor-element-c3ec9be elementor-widget elementor-widget-heading\" data-id=\"c3ec9be\" data-element_type=\"widget\" data-e-type=\"widget\" data-widget_type=\"heading.default\">\n\t\t\t\t\t<h4 class=\"elementor-heading-title elementor-size-default\">Politica di approvvigionamento responsabile<\/h4>\t\t\t\t<\/div>\n\t\t\t\t<div class=\"elementor-element elementor-element-4b243b7 elementor-widget elementor-widget-text-editor\" data-id=\"4b243b7\" data-element_type=\"widget\" data-e-type=\"widget\" data-widget_type=\"text-editor.default\">\n\t\t\t\t\t\t\t\t\t<ol><li>BBHG SA \u00e8 un produttore di orologi con sede a Les Brenets, in Svizzera. Questa politica conferma l&#8217;impegno di BBHG SA a rispettare i diritti umani, a non contribuire al finanziamento di conflitti e a rispettare tutte le sanzioni, le risoluzioni e le leggi delle Nazioni Unite in materia. <\/li><\/ol><ol start=\"2\"><li>BBHG \u00e8 un membro certificato del Responsible Jewellery Council (RJC). In quanto tale, ci impegniamo a dimostrare, attraverso una verifica da parte di terzi indipendenti, che : <ol><li>rispettare i diritti umani sanciti dalla Dichiarazione Universale dei Diritti Umani e dalla Dichiarazione dell&#8217;Organizzazione Internazionale del Lavoro sui Principi e i Diritti Fondamentali nel Lavoro;<\/li><li>Non partecipiamo n\u00e9 tolleriamo alcuna forma di corruzione, riciclaggio di denaro o finanziamento del terrorismo;<\/li><li>sostenere la trasparenza dei pagamenti da parte dei governi e delle forze di sicurezza che rispettano i diritti nelle industrie estrattive;<\/li><li>non forniscono alcun supporto diretto o indiretto a gruppi armati illegali;<\/li><li>consentire agli stakeholder di esprimere le proprie preoccupazioni sulla catena di approvvigionamento dei gioielli;<\/li><li>Implementare il quadro in cinque fasi dell&#8217;OCSE come processo di gestione per condurre una due diligence basata sul rischio per garantire catene di approvvigionamento responsabili per i minerali provenienti da aree di conflitto o ad alto rischio.<\/li><\/ol><\/li><\/ol><ol start=\"3\"><li>Ci impegniamo inoltre a utilizzare la nostra influenza per evitare possibili violazioni da parte di altri soggetti. Informiamo i nostri partner, fornitori e clienti e chiediamo loro di rispettare determinati impegni. Abbiamo una politica di reclami a disposizione degli stakeholder che desiderano sottoporre alla nostra attenzione domande o dubbi sui materiali provenienti da ZCHR.  <\/li><\/ol><ol start=\"4\"><li>In merito a gravi violazioni nell&#8217;estrazione, nel trasporto o nel commercio di diamanti\/pietre colorate.<br>Non tollereremo, assisteremo, faciliteremo, trarremo vantaggio o contribuiremo alla commissione dei seguenti atti:<ol><li>tortura o trattamenti crudeli, inumani o degradanti;<\/li><li>lavoro forzato o obbligatorio;<\/li><li>le peggiori forme di lavoro minorile;<\/li><li>violazioni e abusi dei diritti umani ;<\/li><li>crimini di guerra, violazioni del diritto umanitario internazionale, crimini contro l&#8217;umanit\u00e0 o genocidio.<\/li><\/ol><\/li><\/ol><ol start=\"5\"><li>Interromperemo tutti i rapporti con i fornitori a monte se identifichiamo un rischio che indichi ragionevolmente che questi si stiano impegnando, si stiano rifornendo da o siano associati a terze parti che commettono le violazioni di cui al paragrafo 4.<\/li><\/ol><ol start=\"6\"><li>In merito al sostegno diretto o indiretto a gruppi armati non statali<br>Vendiamo o acquistiamo solo diamanti\/pietre colorate pienamente conformi al Sistema di Certificazione del Processo di Kimberley e, pertanto, non tollereremo alcun sostegno diretto o indiretto a gruppi armati non statali o ai loro affiliati &#8211; anche attraverso la fornitura di diamanti\/pietre colorate, il pagamento di denaro o la fornitura di assistenza logistica, materiale o di altro tipo &#8211; impegnati illegalmente nelle seguenti attivit\u00e0:<\/li><\/ol><ol><li style=\"list-style-type: none;\"><ol><li>controllo illegale dei siti estrattivi o delle vie di trasporto, dei punti di commercio di diamanti e pietre colorate e degli operatori a monte della catena di approvvigionamento;<\/li><li>tassazione o estorsione illegale di denaro o di diamanti\/pietre colorate presso i siti di estrazione, le vie di trasporto o i punti di scambio di diamanti\/pietre colorate, o contro intermediari, societ\u00e0 di esportazione o commercianti internazionali.<\/li><\/ol><\/li><\/ol><ol start=\"7\"><li>Interromperemo immediatamente tutti i rapporti con i fornitori a monte se individuiamo un rischio ragionevole che questi si riforniscano da o siano collegati a terze parti che sostengono direttamente o indirettamente gruppi armati non statali come quelli citati nel paragrafo 6.<\/li><\/ol><ol start=\"8\"><li>Per quanto riguarda le forze di sicurezza pubbliche o private<br>Affermiamo che il ruolo delle forze di sicurezza pubbliche o private \u00e8 quello di garantire la sicurezza dei lavoratori, delle installazioni, delle attrezzature e delle propriet\u00e0 in conformit\u00e0 con lo stato di diritto, compresa la legislazione che garantisce i diritti umani. Non forniremo alcun supporto diretto o indiretto a forze di sicurezza pubbliche o private che commettano le violazioni descritte nel paragrafo 4 o che agiscano illegalmente come descritto nel paragrafo 6. <\/li><\/ol><ol start=\"9\"><li>Per quanto riguarda le tangenti e le false dichiarazioni sull&#8217;origine dei diamanti\/pietre colorate, non offriremo, prometteremo o daremo tangenti e ci opporremo alle sollecitazioni di tangenti per nascondere o dissimulare l&#8217;origine dei diamanti\/pietre colorate, per falsificare le tasse, i dazi e le royalties pagate ai governi per l&#8217;estrazione, il commercio, la lavorazione, il trasporto e l&#8217;esportazione dei diamanti.<\/li><\/ol><ol start=\"10\"><li>Sul riciclaggio di denaro<br>Sosterremo gli sforzi per contribuire all&#8217;eliminazione del riciclaggio di denaro nelle situazioni in cui individuiamo un ragionevole rischio di riciclaggio di denaro derivante da o in relazione all&#8217;estrazione, al commercio, alla lavorazione, al trasporto o all&#8217;esportazione di diamanti\/pietre colorate.<\/li><\/ol><p>Nome: St\u00e9phane MOUGIN<\/p><p>Lavoro : Direttore<\/p><p>Data di entrata in vigore: 10.10.2025<\/p>\t\t\t\t\t\t\t\t<\/div>\n\t\t\t\t<div class=\"elementor-element elementor-element-151af87 elementor-widget elementor-widget-heading\" data-id=\"151af87\" data-element_type=\"widget\" data-e-type=\"widget\" data-widget_type=\"heading.default\">\n\t\t\t\t\t<h4 class=\"elementor-heading-title elementor-size-default\">Gestire i reclami relativi alle attivit\u00e0 dell'azienda e dei suoi partner diretti e indiretti.<\/h4>\t\t\t\t<\/div>\n\t\t\t\t<div class=\"elementor-element elementor-element-acf39bf elementor-widget elementor-widget-text-editor\" data-id=\"acf39bf\" data-element_type=\"widget\" data-e-type=\"widget\" data-widget_type=\"text-editor.default\">\n\t\t\t\t\t\t\t\t\t<p>BBHG ha stabilito questa procedura per ricevere e gestire i reclami relativi a :<\/p><ul><li>la catena di approvvigionamento dei metalli preziosi, in particolare quelli provenienti da zone di conflitto o ad alto rischio;<\/li><li>DIRITTI UMANI ;<\/li><li>condizioni di lavoro (straordinari, retribuzione, molestie, libert\u00e0 di associazione e contrattazione collettiva, discriminazione);<\/li><li>etica aziendale (corruzione, tangenti, pagamenti agevolati)<\/li><li>l&#8217;ambiente;<\/li><li>informazioni sui prodotti e sui servizi forniti dall&#8217;azienda;<\/li><li>ove opportuno, la segregazione e la tracciabilit\u00e0 dei materiali preziosi del CoC.<\/li><\/ul><p>St\u00e9phane MOUGIN \u00e8 responsabile dell&#8217;attuazione e della revisione di questa procedura.<\/p><p>Le parti interessate, interne o esterne all&#8217;azienda, possono inviare i loro dubbi a BBHG SA, 032 920 38 25, info@bbhg.ch.<\/p><p>Una volta ricevuto il reclamo, cercheremo di :<\/p><ul><li>ottenere un resoconto preciso del reclamo ;<\/li><li>spiegare la nostra procedura di gestione dei reclami;<\/li><li>stabilire come il reclamante desidera essere trattato;<\/li><li>mantenere la riservatezza del reclamante, se questo \u00e8 il suo desiderio;<\/li><li>decidere chi deve occuparsi del reclamo internamente o aiutare a indirizzare il reclamo all&#8217;ente competente, ad esempio il fornitore interessato o l&#8217;istituzione competente del settore;<\/li><li>ottenere ulteriori informazioni, se necessario, quando il problema pu\u00f2 essere affrontato internamente;<\/li><li>individuare eventuali misure da adottare, compreso il monitoraggio della situazione;<\/li><li>informare il reclamante delle nostre decisioni o conclusioni nel pi\u00f9 breve tempo possibile;<\/li><li>conservare i reclami ricevuti e la procedura interna seguita nei nostri archivi per almeno dieci anni.<\/li><\/ul><p>Non ci riserviamo ritorsioni nei confronti di chi presenta un reclamo in buona fede.<\/p><p>Nome: St\u00e9phane Mougin<\/p><p>Lavoro : Direttore<\/p><p>Data: 13.10.2025<\/p>\t\t\t\t\t\t\t\t<\/div>\n\t\t\t\t<div class=\"elementor-element elementor-element-4d31ef3 elementor-widget elementor-widget-heading\" data-id=\"4d31ef3\" data-element_type=\"widget\" data-e-type=\"widget\" data-widget_type=\"heading.default\">\n\t\t\t\t\t<h4 class=\"elementor-heading-title elementor-size-default\">Politica sui diritti umani<\/h4>\t\t\t\t<\/div>\n\t\t\t\t<div class=\"elementor-element elementor-element-5e2ef80 elementor-widget elementor-widget-text-editor\" data-id=\"5e2ef80\" data-element_type=\"widget\" data-e-type=\"widget\" data-widget_type=\"text-editor.default\">\n\t\t\t\t\t\t\t\t\t<p>Noi di BBHG SA riconosciamo la nostra responsabilit\u00e0 nel rispetto dei diritti umani. Crediamo che la nostra azienda abbia un ruolo da svolgere nella protezione e nella promozione dei diritti umani. <\/p><p>BBHG SA si impegna a rispettare i diritti umani riconosciuti a livello internazionale nelle sue operazioni e catene di fornitura. In linea con i Principi Guida delle Nazioni Unite su Imprese e Diritti Umani, la nostra politica si basa sugli standard internazionali della Dichiarazione Universale dei Diritti Umani e della Dichiarazione dell&#8217;Organizzazione Internazionale del Lavoro (OIL) sui Principi e i Diritti Fondamentali nel Lavoro. <\/p><p>I diritti umani si riferiscono a un insieme di diritti e libert\u00e0 fondamentali che appartengono a ogni persona nel mondo, indipendentemente dalla sua origine, dalle sue convinzioni o dal modo in cui sceglie di vivere la propria vita. Si tratta di un concetto ampio, con dimensioni economiche, sociali, culturali, politiche e civili. Per BBHG SA, rispettare i diritti umani significa garantire che tutti coloro che sono coinvolti o che entrano in contatto con le nostre attivit\u00e0, le nostre catene di fornitura e i nostri prodotti siano trattati con dignit\u00e0, rispetto, equit\u00e0 e uguaglianza.  <\/p><p>La nostra politica definisce i principi generali che regolano la conduzione delle attivit\u00e0 di BBHG SA. Insieme ai nostri dipendenti e partner commerciali, ci impegniamo a promuovere l&#8217;attuazione di questa politica in tutte le nostre operazioni e catene di fornitura. Riconosciamo che possono sorgere sfide particolari a questi standard e lavoreremo per affrontarle in collaborazione con i partner e gli stakeholder interessati:  <\/p><ol><li>Il lavoro \u00e8 scelto liberamente<\/li><li>Libert\u00e0 di associazione<\/li><li>Condizioni di lavoro sicure e igieniche, con priorit\u00e0 ai beni materiali e ai profitti.<\/li><li>Non si ricorre al lavoro minorile<\/li><li>Vengono pagati salari dignitosi<\/li><li>Gli orari di lavoro non sono eccessivi<\/li><li>Non viene praticata alcuna discriminazione<\/li><li>Promuovere la diversit\u00e0, l&#8217;equit\u00e0 e l&#8217;inclusione<\/li><li>Viene fornito un impiego regolare<\/li><li>Non sono ammessi trattamenti duri o disumani.<\/li><\/ol><p>BBHG SA si impegner\u00e0 costantemente a integrare questa politica in tutti i processi e le procedure aziendali pertinenti per garantirne l&#8217;effettiva attuazione.<\/p><p>Riconosciamo di dover prendere provvedimenti per identificare e affrontare qualsiasi impatto negativo reale o potenziale, direttamente o indirettamente legato alle nostre attivit\u00e0 o relazioni commerciali. Siamo consapevoli che la due diligence sui diritti umani \u00e8 un processo dinamico e continuo che ci impone di agire in base ai risultati, monitorare le nostre azioni e comunicare ai nostri stakeholder come stiamo affrontando gli impatti. <\/p><p>Poich\u00e9 i nostri rischi e impatti sui diritti umani possono variare nel tempo, questa politica sar\u00e0 soggetta a revisione qualora il nostro processo di due diligence sui diritti umani si rivelasse inadeguato.<\/p><p>Nome: MOUGIN St\u00e9phane<\/p><p>Lavoro : Direttore<\/p><p>Data di entrata in vigore: 20.01.2026<\/p>\t\t\t\t\t\t\t\t<\/div>\n\t\t\t\t<\/div>\n\t\t\t\t<\/div>\n\t\t<div class=\"elementor-element elementor-element-2d9fb82 e-con-full e-flex e-con e-child\" data-id=\"2d9fb82\" data-element_type=\"container\" data-e-type=\"container\">\n\t\t\t\t<\/div>\n\t\t\t\t<\/div>\n\t\t\t\t<\/div>\n\t\t","protected":false},"excerpt":{"rendered":"<p>Certificazioni Rapporto annuale 2025 Politica di approvvigionamento responsabile BBHG SA \u00e8 un produttore di orologi con sede a Les Brenets, in Svizzera. Questa politica conferma l&#8217;impegno di BBHG SA a rispettare i diritti umani, a non contribuire al finanziamento di conflitti e a rispettare tutte le sanzioni, le risoluzioni e le leggi delle Nazioni Unite [&hellip;]<\/p>\n","protected":false},"author":1,"featured_media":0,"parent":0,"menu_order":0,"comment_status":"closed","ping_status":"closed","template":"","meta":{"footnotes":""},"class_list":["post-1694","page","type-page","status-publish","hentry"],"_links":{"self":[{"href":"https:\/\/bbhg.swiss\/it\/wp-json\/wp\/v2\/pages\/1694","targetHints":{"allow":["GET"]}}],"collection":[{"href":"https:\/\/bbhg.swiss\/it\/wp-json\/wp\/v2\/pages"}],"about":[{"href":"https:\/\/bbhg.swiss\/it\/wp-json\/wp\/v2\/types\/page"}],"author":[{"embeddable":true,"href":"https:\/\/bbhg.swiss\/it\/wp-json\/wp\/v2\/users\/1"}],"replies":[{"embeddable":true,"href":"https:\/\/bbhg.swiss\/it\/wp-json\/wp\/v2\/comments?post=1694"}],"version-history":[{"count":1,"href":"https:\/\/bbhg.swiss\/it\/wp-json\/wp\/v2\/pages\/1694\/revisions"}],"predecessor-version":[{"id":1696,"href":"https:\/\/bbhg.swiss\/it\/wp-json\/wp\/v2\/pages\/1694\/revisions\/1696"}],"wp:attachment":[{"href":"https:\/\/bbhg.swiss\/it\/wp-json\/wp\/v2\/media?parent=1694"}],"curies":[{"name":"wp","href":"https:\/\/api.w.org\/{rel}","templated":true}]}}