{"id":1687,"date":"2026-02-11T17:11:52","date_gmt":"2026-02-11T16:11:52","guid":{"rendered":"https:\/\/bbhg.swiss\/datenschutzerklaerung\/"},"modified":"2026-03-11T15:39:26","modified_gmt":"2026-03-11T14:39:26","slug":"datenschutzerklaerung","status":"publish","type":"page","link":"https:\/\/bbhg.swiss\/de\/datenschutzerklaerung\/","title":{"rendered":"Datenschutzerkl\u00e4rung"},"content":{"rendered":"\t\t<div data-elementor-type=\"wp-page\" data-elementor-id=\"1687\" class=\"elementor elementor-1687 elementor-1278\" data-elementor-post-type=\"page\">\n\t\t\t\t<div class=\"elementor-element elementor-element-21c2627 e-con-full e-flex e-con e-parent\" data-id=\"21c2627\" data-element_type=\"container\" data-e-type=\"container\" data-settings=\"{&quot;background_background&quot;:&quot;classic&quot;}\">\n\t\t\t\t<div class=\"elementor-element elementor-element-5078588 elementor-widget elementor-widget-image\" data-id=\"5078588\" data-element_type=\"widget\" data-e-type=\"widget\" data-widget_type=\"image.default\">\n\t\t\t\t\t\t\t\t\t\t\t\t\t\t\t\t<a href=\"https:\/\/bbhg.swiss\/de\/\">\n\t\t\t\t\t\t\t<img fetchpriority=\"high\" decoding=\"async\" width=\"772\" height=\"218\" src=\"https:\/\/bbhg.swiss\/wp-content\/uploads\/2026\/02\/bbhg-logo-complet-blanc.svg\" class=\"attachment-large size-large wp-image-1480\" alt=\"\" \/>\t\t\t\t\t\t\t\t<\/a>\n\t\t\t\t\t\t\t\t\t\t\t\t\t\t\t<\/div>\n\t\t\t\t<\/div>\n\t\t<div class=\"elementor-element elementor-element-9714d2e e-con-full e-flex e-con e-child\" data-id=\"9714d2e\" data-element_type=\"container\" data-e-type=\"container\">\n\t\t\t\t<div class=\"elementor-element elementor-element-34a021f elementor-widget elementor-widget-heading\" data-id=\"34a021f\" data-element_type=\"widget\" data-e-type=\"widget\" data-widget_type=\"heading.default\">\n\t\t\t\t\t<h3 class=\"elementor-heading-title elementor-size-default\">Datenschutzerkl\u00e4rung<\/h3>\t\t\t\t<\/div>\n\t\t\t\t<\/div>\n\t\t<div class=\"elementor-element elementor-element-78c01d4 e-con-full e-flex e-con e-child\" data-id=\"78c01d4\" data-element_type=\"container\" data-e-type=\"container\">\n\t\t<div class=\"elementor-element elementor-element-044bcd8 e-con-full e-flex e-con e-child\" data-id=\"044bcd8\" data-element_type=\"container\" data-e-type=\"container\" data-settings=\"{&quot;sticky&quot;:&quot;top&quot;,&quot;sticky_on&quot;:[&quot;desktop&quot;,&quot;tablet&quot;],&quot;sticky_offset&quot;:30,&quot;sticky_effects_offset&quot;:0,&quot;sticky_anchor_link_offset&quot;:0}\">\n\t\t\t\t<\/div>\n\t\t<div class=\"elementor-element elementor-element-e127003 e-con-full e-flex e-con e-child\" data-id=\"e127003\" data-element_type=\"container\" data-e-type=\"container\">\n\t\t<div class=\"elementor-element elementor-element-e099842 e-con-full e-flex e-con e-child\" data-id=\"e099842\" data-element_type=\"container\" data-e-type=\"container\">\n\t\t\t\t<div class=\"elementor-element elementor-element-c3ec9be elementor-widget elementor-widget-heading\" data-id=\"c3ec9be\" data-element_type=\"widget\" data-e-type=\"widget\" data-widget_type=\"heading.default\">\n\t\t\t\t\t<h4 class=\"elementor-heading-title elementor-size-default\">Verantwortung<\/h4>\t\t\t\t<\/div>\n\t\t\t\t<div class=\"elementor-element elementor-element-4b243b7 elementor-widget elementor-widget-text-editor\" data-id=\"4b243b7\" data-element_type=\"widget\" data-e-type=\"widget\" data-widget_type=\"text-editor.default\">\n\t\t\t\t\t\t\t\t\t<p>BBHG SA<\/p><p>Champs Nauger 2<br>2416 Les Brenets<\/p><p>+41 32 920 38 25<\/p><p>info@bbhg.ch<\/p>\t\t\t\t\t\t\t\t<\/div>\n\t\t\t\t<div class=\"elementor-element elementor-element-151af87 elementor-widget elementor-widget-heading\" data-id=\"151af87\" data-element_type=\"widget\" data-e-type=\"widget\" data-widget_type=\"heading.default\">\n\t\t\t\t\t<h4 class=\"elementor-heading-title elementor-size-default\">Kontaktformular<\/h4>\t\t\t\t<\/div>\n\t\t\t\t<div class=\"elementor-element elementor-element-c231915 elementor-widget elementor-widget-text-editor\" data-id=\"c231915\" data-element_type=\"widget\" data-e-type=\"widget\" data-widget_type=\"text-editor.default\">\n\t\t\t\t\t\t\t\t\t<p>Unsere Website enth\u00e4lt ein Formular, mit dem Sie uns auf elektronischem Wege kontaktieren k\u00f6nnen. Die folgenden pers\u00f6nlichen Daten werden gesammelt: Namen, E-Mail-Adresse, Inhalt der Nachricht.<\/p><p>Die Verarbeitung der personenbezogenen Daten aus dem Formular dient uns ausschlie\u00dflich zur Bearbeitung der Kontaktaufnahme.<\/p><p>Der Sicherheitsdienst hCaptcha, der von Intuition Machines, Inc, einem US-Unternehmen mit Sitz in Delaware (&#8222;IMI&#8220;) bereitgestellt wird, wird verwendet, um zu \u00fcberpr\u00fcfen, ob die \u00dcbermittlung des Kontaktformulars unseren Sicherheitsanforderungen entspricht. Um dies zu erreichen, analysiert hCaptcha das Verhalten des Besuchers der Website oder der mobilen Anwendung anhand verschiedener Merkmale. Diese Analyse beginnt automatisch, sobald der Besucher der Website einen Teil der Website betritt, auf dem hCaptcha aktiviert ist. F\u00fcr die Analyse wertet hCaptcha verschiedene Informationen aus (z.B. die IP-Adresse, die Dauer, die der Besucher auf der Website oder in der Anwendung verweilt hat, oder die Mausbewegungen, die der Nutzer ausgef\u00fchrt hat). Die w\u00e4hrend der Analyse gesammelten Daten werden an das IMI weitergeleitet. Die Analyse von hCaptcha im &#8222;unsichtbaren Modus&#8220; kann vollst\u00e4ndig im Hintergrund ablaufen. Die Besucher der Website werden nicht dar\u00fcber informiert, dass eine solche Analyse stattfindet, wenn der Nutzer nicht mit einem Captcha konfrontiert wird. Die Verarbeitung der Daten erfolgt auf der Grundlage von Art. 6(1)(b) DSGVO: Die Verarbeitung ist f\u00fcr die Erf\u00fcllung eines Vertrags, dessen Vertragspartei die betroffene Person ist, oder f\u00fcr die Durchf\u00fchrung vorvertraglicher Ma\u00dfnahmen erforderlich, die auf Antrag der betroffenen Person erfolgen. Unsere Website muss sicherstellen, dass sie mit einem Menschen und nicht mit einem Roboter interagiert und dass die vom Nutzer ausgef\u00fchrten Aktivit\u00e4ten nicht mit Betrug oder Missbrauch verbunden sind. Dar\u00fcber hinaus kann die Verarbeitung auch auf der Grundlage von Art. 6(1)(f) DSGVO: Unsere Website hat ein berechtigtes Interesse daran, den Dienst vor missbr\u00e4uchlichem automatisierten Scanning, Spam und anderen Formen des Missbrauchs zu sch\u00fctzen, die unserem Dienst oder anderen Nutzern unseres Dienstes schaden k\u00f6nnen. Die IMI handelt als &#8222;Datenverarbeiter&#8220; im Namen ihrer Kunden gem\u00e4\u00df der DSGVO und als &#8222;Dienstleister&#8220; im Sinne des kalifornischen Verbraucherdatenschutzgesetzes (CCPA). Weitere Informationen \u00fcber die Datenschutzrichtlinie und die Nutzungsbedingungen von hCaptcha finden Sie unter folgenden Links: https: <a href=\"https:\/\/www.hcaptcha.com\/privacy\">\/\/www.hcaptcha.com\/privacy<\/a> und <a href=\"https:\/\/www.hcaptcha.com\/terms\">https:\/\/www.hcaptcha.com\/terms<\/a>.<\/p>\t\t\t\t\t\t\t\t<\/div>\n\t\t\t\t<div class=\"elementor-element elementor-element-4d31ef3 elementor-widget elementor-widget-heading\" data-id=\"4d31ef3\" data-element_type=\"widget\" data-e-type=\"widget\" data-widget_type=\"heading.default\">\n\t\t\t\t\t<h4 class=\"elementor-heading-title elementor-size-default\">Bei einem Besuch erhobene Daten<\/h4>\t\t\t\t<\/div>\n\t\t\t\t<div class=\"elementor-element elementor-element-24ff424 elementor-widget elementor-widget-text-editor\" data-id=\"24ff424\" data-element_type=\"widget\" data-e-type=\"widget\" data-widget_type=\"text-editor.default\">\n\t\t\t\t\t\t\t\t\t<p>Wenn sich ein Nutzer auf unserer Website anmeldet, werden die folgenden Informationen f\u00fcr maximal 10 Tage von unserem Hosting-Anbieter Infomaniak Networks SA mit Sitz in Genf in der Schweiz gespeichert:<\/p><ul><li>Browsertyp und -version<\/li><li>Verwendetes Betriebssystem<\/li><li>Referenz-URL<\/li><li>Art der Anfrage<\/li><li>Hostname des zugreifenden Rechners und IP-Adresse<\/li><li>Datum und Uhrzeit der Anfrage<\/li><\/ul>\t\t\t\t\t\t\t\t<\/div>\n\t\t\t\t<\/div>\n\t\t\t\t<\/div>\n\t\t<div class=\"elementor-element elementor-element-2d9fb82 e-con-full e-flex e-con e-child\" data-id=\"2d9fb82\" data-element_type=\"container\" data-e-type=\"container\">\n\t\t\t\t<\/div>\n\t\t\t\t<\/div>\n\t\t\t\t<\/div>\n\t\t","protected":false},"excerpt":{"rendered":"<p>Verantwortung BBHG SA Champs Nauger 22416 Les Brenets +41 32 920 38 25 info@bbhg.ch Kontaktformular Unsere Website enth\u00e4lt ein Formular, mit dem Sie uns auf elektronischem Wege kontaktieren k\u00f6nnen. Die folgenden pers\u00f6nlichen Daten werden gesammelt: Namen, E-Mail-Adresse, Inhalt der Nachricht. Die Verarbeitung der personenbezogenen Daten aus dem Formular dient uns ausschlie\u00dflich zur Bearbeitung der Kontaktaufnahme. [&hellip;]<\/p>\n","protected":false},"author":1,"featured_media":0,"parent":0,"menu_order":0,"comment_status":"closed","ping_status":"closed","template":"","meta":{"footnotes":""},"class_list":["post-1687","page","type-page","status-publish","hentry"],"_links":{"self":[{"href":"https:\/\/bbhg.swiss\/de\/wp-json\/wp\/v2\/pages\/1687","targetHints":{"allow":["GET"]}}],"collection":[{"href":"https:\/\/bbhg.swiss\/de\/wp-json\/wp\/v2\/pages"}],"about":[{"href":"https:\/\/bbhg.swiss\/de\/wp-json\/wp\/v2\/types\/page"}],"author":[{"embeddable":true,"href":"https:\/\/bbhg.swiss\/de\/wp-json\/wp\/v2\/users\/1"}],"replies":[{"embeddable":true,"href":"https:\/\/bbhg.swiss\/de\/wp-json\/wp\/v2\/comments?post=1687"}],"version-history":[{"count":1,"href":"https:\/\/bbhg.swiss\/de\/wp-json\/wp\/v2\/pages\/1687\/revisions"}],"predecessor-version":[{"id":1688,"href":"https:\/\/bbhg.swiss\/de\/wp-json\/wp\/v2\/pages\/1687\/revisions\/1688"}],"wp:attachment":[{"href":"https:\/\/bbhg.swiss\/de\/wp-json\/wp\/v2\/media?parent=1687"}],"curies":[{"name":"wp","href":"https:\/\/api.w.org\/{rel}","templated":true}]}}